{"id":40,"date":"2025-07-21T12:20:14","date_gmt":"2025-07-21T12:20:14","guid":{"rendered":"http:\/\/davidbarta.cz\/?page_id=40"},"modified":"2025-08-07T17:14:17","modified_gmt":"2025-08-07T17:14:17","slug":"kontakty","status":"publish","type":"page","link":"https:\/\/davidbarta.cz\/index.php\/kontakty\/","title":{"rendered":"Kontakty"},"content":{"rendered":"<h2 data-start=\"150\" data-end=\"295\">M\u00e1te z\u00e1jem o spolupr\u00e1ci, fotografii, dotaz nebo jen zp\u011btnou vazbu?<\/h2>\n<p data-start=\"150\" data-end=\"295\">Nev\u00e1hejte m\u011b kontaktovat prost\u0159ednictv\u00edm e-mailu nebo <strong>kontaktn\u00edho formul\u00e1\u0159e<\/strong>.<\/p>\n<p data-start=\"150\" data-end=\"295\"><img decoding=\"async\" class=\"aligncenter wp-image-135 size-large\" src=\"http:\/\/davidbarta.cz\/wp-content\/uploads\/2025\/07\/ChatGPT-Image-21.-7.-2025-16_14_44-1024x683.png\" alt=\"\" width=\"1024\" height=\"683\" srcset=\"https:\/\/davidbarta.cz\/wp-content\/uploads\/2025\/07\/ChatGPT-Image-21.-7.-2025-16_14_44-1024x683.png 1024w, https:\/\/davidbarta.cz\/wp-content\/uploads\/2025\/07\/ChatGPT-Image-21.-7.-2025-16_14_44-300x200.png 300w, https:\/\/davidbarta.cz\/wp-content\/uploads\/2025\/07\/ChatGPT-Image-21.-7.-2025-16_14_44-768x512.png 768w, https:\/\/davidbarta.cz\/wp-content\/uploads\/2025\/07\/ChatGPT-Image-21.-7.-2025-16_14_44.png 1536w\" sizes=\"(max-width: 1024px) 100vw, 1024px\" \/><\/p>\n<hr data-start=\"374\" data-end=\"377\" \/>\n<h2 data-start=\"379\" data-end=\"439\">\ud83d\udccd S\u00eddlo<\/h2>\n<p data-start=\"440\" data-end=\"558\"><strong data-start=\"440\" data-end=\"455\">David B\u00e1rta<\/strong><br data-start=\"455\" data-end=\"458\" \/>Pod M\u016fstkem 784\/13<br data-start=\"476\" data-end=\"479\" \/>252 19 Rudn\u00e1<br data-start=\"491\" data-end=\"494\" \/>I\u010cO: 65396685<br data-start=\"507\" data-end=\"510\" \/>(zapsan\u00fd v \u017eivnostensk\u00e9m rejst\u0159\u00edku \u010cR jako OSV\u010c)<\/p>\n<hr data-start=\"560\" data-end=\"563\" \/>\n<h2 data-start=\"565\" data-end=\"586\">\ud83d\udcf7 Soci\u00e1ln\u00ed s\u00edt\u011b<\/h2>\n<p data-start=\"565\" data-end=\"586\">Instagram:\u00a0<br data-start=\"641\" data-end=\"644\" \/>Facebook:<\/p>\n<h3 data-start=\"565\" data-end=\"586\">\u201eM\u00e1te ot\u00e1zku nebo z\u00e1jem o spolupr\u00e1ci? Napi\u0161te mi.\u201c<\/h3>\n<p data-start=\"565\" data-end=\"586\">[wpforms id=&#8220;59&#8243;]<\/p>\n","protected":false},"excerpt":{"rendered":"<p>M\u00e1te z\u00e1jem o spolupr\u00e1ci, fotografii, dotaz nebo jen zp\u011btnou vazbu? Nev\u00e1hejte m\u011b kontaktovat prost\u0159ednictv\u00edm e-mailu nebo kontaktn\u00edho formul\u00e1\u0159e. \ud83d\udccd S\u00eddlo David B\u00e1rtaPod M\u016fstkem 784\/13252 19 Rudn\u00e1I\u010cO: 65396685(zapsan\u00fd v \u017eivnostensk\u00e9m rejst\u0159\u00edku \u010cR jako OSV\u010c) \ud83d\udcf7 Soci\u00e1ln\u00ed s\u00edt\u011b Instagram:\u00a0Facebook: \u201eM\u00e1te ot\u00e1zku nebo z\u00e1jem o spolupr\u00e1ci? Napi\u0161te mi.\u201c [wpforms id=&#8220;59&#8243;]<\/p>\n","protected":false},"author":1,"featured_media":0,"parent":0,"menu_order":0,"comment_status":"closed","ping_status":"closed","template":"","meta":{"_kad_post_transparent":"default","_kad_post_title":"default","_kad_post_layout":"default","_kad_post_sidebar_id":"","_kad_post_content_style":"default","_kad_post_vertical_padding":"default","_kad_post_feature":"","_kad_post_feature_position":"","_kad_post_header":false,"_kad_post_footer":false,"footnotes":""},"class_list":["post-40","page","type-page","status-publish","hentry"],"_links":{"self":[{"href":"https:\/\/davidbarta.cz\/index.php\/wp-json\/wp\/v2\/pages\/40","targetHints":{"allow":["GET"]}}],"collection":[{"href":"https:\/\/davidbarta.cz\/index.php\/wp-json\/wp\/v2\/pages"}],"about":[{"href":"https:\/\/davidbarta.cz\/index.php\/wp-json\/wp\/v2\/types\/page"}],"author":[{"embeddable":true,"href":"https:\/\/davidbarta.cz\/index.php\/wp-json\/wp\/v2\/users\/1"}],"replies":[{"embeddable":true,"href":"https:\/\/davidbarta.cz\/index.php\/wp-json\/wp\/v2\/comments?post=40"}],"version-history":[{"count":7,"href":"https:\/\/davidbarta.cz\/index.php\/wp-json\/wp\/v2\/pages\/40\/revisions"}],"predecessor-version":[{"id":409,"href":"https:\/\/davidbarta.cz\/index.php\/wp-json\/wp\/v2\/pages\/40\/revisions\/409"}],"wp:attachment":[{"href":"https:\/\/davidbarta.cz\/index.php\/wp-json\/wp\/v2\/media?parent=40"}],"curies":[{"name":"wp","href":"https:\/\/api.w.org\/{rel}","templated":true}]}}